{"id":594,"date":"2023-02-28T14:22:41","date_gmt":"2023-02-28T14:22:41","guid":{"rendered":"http:\/\/riwacon.de\/?page_id=594"},"modified":"2023-05-30T11:42:42","modified_gmt":"2023-05-30T11:42:42","slug":"impressum","status":"publish","type":"page","link":"https:\/\/riwacon.de\/en\/impressum\/","title":{"rendered":"IMPRESSUM"},"content":{"rendered":"<h1 class=\"wp-block-heading has-background\" style=\"background-color:#fffffff0\"><strong>IMPRESSUM<\/strong><br><\/h1>\n\n\n\n<h2 class=\"wp-block-heading has-background\" style=\"background-color:#fffffff0;text-transform:uppercase\">Unternehmen Angaben gem\u00e4\u00df \u00a75 TMG:<\/h2>\n\n\n\n<p class=\"has-contrast-color has-text-color has-background\" style=\"background-color:#fffffff0\"><\/p>\n\n\n\n<p class=\"has-contrast-color has-text-color has-background\" style=\"background-color:#fffffff0;padding-top:0;padding-right:0;padding-bottom:0;padding-left:0\"><strong>RINNEN WANDSCHNEIDER CONSULTING GMBH<br><\/strong>Lohkamp 41<br>59394 Nordkirchen<br>Deutschland<strong><br><br>GESCH\u00c4FTSF\u00dcHRER:<br><\/strong>Fabian Rinnen und Dr. Frederick Wandschneider<strong><br><br>KONTAKT:<br><\/strong>Telefon: +49 (0)1525 6280 570<br>Email: frinnen@riwacon.de<br><br><strong>REGISTEREINTRAG:<br><\/strong>Amtsgericht Coesfeld HRB 21214<br><br><strong>UMSATZSTEUER:<br><\/strong>DE360306215<br><br><strong>VERANTWORTLICH F\u00dcR DEN INHALT NACH \u00a755 ABS. 2 RSTV<br><\/strong>Dr. Frederich Wandschneider<br>Gertrud-K\u00fcpper-Str. 18<br>40699 Erkrath<br>Deutschland<br><strong><br>DESIGN<\/strong><br>Niklas Schwartz \u2013 Art &amp; Design<br><a href=\"http:\/\/WWW.NIKLASSCHWARTZ.DE\" target=\"_blank\" rel=\"noreferrer noopener\">www.niklasschwartz.de<\/a><br><a href=\"mailto:design@niklasschwartz.com\">design@niklasschwartz.<\/a>com<br><br><br><\/p>\n\n\n\n<h2 class=\"wp-block-heading has-background\" style=\"background-color:#fffffff0\"><strong>HAFTUNGSAUSSCHLUSS &#8211; DISCLAIMER<\/strong><\/h2>\n\n\n\n<p class=\"has-contrast-color has-text-color has-background\" style=\"background-color:#fffffff0;padding-top:0;padding-right:0;padding-bottom:0;padding-left:0\"><strong>HAFTUNG F\u00dcR INHALTE<\/strong><br>Alle Inhalte unseres Internetauftritts wurden mit gr\u00f6\u00dfter Sorgfalt und nach bestem Gewissen erstellt. F\u00fcr die Richtigkeit, Vollst\u00e4ndigkeit und Aktualit\u00e4t der Inhalte k\u00f6nnen wir jedoch keine Gew\u00e4hr \u00fcbernehmen. Als Diensteanbieter sind wir gem\u00e4\u00df \u00a7 7 Abs.1 TMG f\u00fcr eigene Inhalte auf diesen Seiten nach den allgemeinen Gesetzen verantwortlich. Nach \u00a7\u00a7 8 bis 10 TMG sind wir als Diensteanbieter jedoch nicht verpflichtet, \u00fcbermittelte oder gespeicherte fremde Informationen zu \u00fcberwachen oder nach Umst\u00e4nden zu forschen, die auf eine rechtswidrige T\u00e4tigkeit hinweisen. Verpflichtungen zur Entfernung oder Sperrung der Nutzung von Informationen nach den allgemeinen Gesetzen bleiben hiervon unber\u00fchrt.<br>Eine diesbez\u00fcgliche Haftung ist jedoch erst ab dem Zeitpunkt der Kenntniserlangung einer konkreten Rechtsverletzung m\u00f6glich. Bei Bekanntwerden von den o.g. Rechtsverletzungen werden wir diese Inhalte unverz\u00fcglich entfernen.<br><br><strong>HAFTUNGSBESCHR\u00c4NKUNG F\u00dcR EXTERNE LINKS<\/strong><br>Unsere Webseite enth\u00e4lt Links auf externe Webseiten Dritter. Auf die Inhalte dieser direkt oder indirekt verlinkten Webseiten haben wir keinen Einfluss. Daher k\u00f6nnen wir f\u00fcr die \u201eexternen Links\u201c auch keine Gew\u00e4hr auf Richtigkeit der Inhalte \u00fcbernehmen. F\u00fcr die Inhalte der externen Links sind die jeweilige<ins>n<\/ins> Anbieter oder Betreiber (Urheber) der Seiten verantwortlich.<br>Die externen Links wurden zum Zeitpunkt der Linksetzung auf eventuelle Rechtsverst\u00f6\u00dfe \u00fcberpr\u00fcft und waren im Zeitpunkt der Linksetzung frei von rechtswidrigen Inhalten. Eine st\u00e4ndige inhaltliche \u00dcberpr\u00fcfung der externen Links ist ohne konkrete Anhaltspunkte einer Rechtsverletzung nicht m\u00f6glich. Bei direkten oder indirekten Verlinkungen auf die Webseiten Dritter, die au\u00dferhalb unseres Verantwortungsbereichs liegen, w\u00fcrde eine Haftungsverpflichtung ausschlie\u00dflich in dem Fall nur bestehen, wenn wir von den Inhalten Kenntnis erlangen und es uns technisch m\u00f6glich und zumutbar w\u00e4re, die Nutzung im Falle rechtswidriger Inhalte zu verhindern. Werden uns Rechtsverletzungen bekannt, werden die externen Links durch uns unverz\u00fcglich entfernt.<\/p>\n\n\n\n<p class=\"has-contrast-color has-text-color has-background\" style=\"background-color:#fffffff0;padding-top:0;padding-right:0;padding-bottom:0;padding-left:0\"><br><strong>URHEBERRECHT<\/strong><br>Die auf unserer Webseite ver\u00f6ffentlichen Inhalte und Werke unterliegen dem deutschen Urheberrecht (<a rel=\"noreferrer noopener\" href=\"http:\/\/www.gesetze-im-internet.de\/bundesrecht\/urhg\/gesamt.pdf\" target=\"_blank\">http:\/\/www.gesetze-im-internet.de\/bundesrecht\/urhg\/gesamt.pdf<\/a>). Die Vervielf\u00e4ltigung, Bearbeitung, Verbreitung und jede Art der Verwertung des geistigen Eigentums in ideeller und materieller Sicht des Urhebers au\u00dferhalb der Grenzen des Urheberrechtes bed\u00fcrfen der vorherigen schriftlichen Zustimmung des jeweiligen Urhebers i.S.d. Urhebergesetzes (<a rel=\"noreferrer noopener\" href=\"http:\/\/www.gesetze-im-internet.de\/bundesrecht\/urhg\/gesamt.pdf\" target=\"_blank\">http:\/\/www.gesetze-im-internet.de\/bundesrecht\/urhg\/gesamt.pdf<\/a>&nbsp;). Downloads und Kopien dieser Seite sind nur f\u00fcr den privaten und nicht kommerziellen Gebrauch erlaubt. Sind die Inhalte auf unserer Webseite nicht von uns erstellt wurden, sind die Urheberrechte Dritter zu beachten. Die Inhalte Dritter werden als solche kenntlich gemacht. Sollten Sie trotzdem auf eine Urheberrechtsverletzung aufmerksam werden, bitten wir um einen entsprechenden Hinweis. Bei Bekanntwerden von Rechtsverletzungen werden wir derartige Inhalte unverz\u00fcglich entfernen.<\/p>","protected":false},"excerpt":{"rendered":"<p>IMPRESSUM Unternehmen Angaben gem\u00e4\u00df \u00a75 TMG: RINNEN WANDSCHNEIDER CONSULTING GMBHLohkamp 4159394 NordkirchenDeutschland GESCH\u00c4FTSF\u00dcHRER:Fabian Rinnen und Dr. Frederick Wandschneider KONTAKT:Telefon: +49 (0)1525 6280 570Email: frinnen@riwacon.de REGISTEREINTRAG:Amtsgericht Coesfeld HRB 21214 UMSATZSTEUER:DE360306215 VERANTWORTLICH F\u00dcR DEN INHALT NACH \u00a755 ABS. 2 RSTVDr. Frederich WandschneiderGertrud-K\u00fcpper-Str. 1840699 ErkrathDeutschlandDESIGNNiklas Schwartz \u2013 Art &amp; Designwww.niklasschwartz.dedesign@niklasschwartz.com HAFTUNGSAUSSCHLUSS &#8211; DISCLAIMER HAFTUNG F\u00dcR INHALTEAlle Inhalte unseres [&hellip;]<\/p>","protected":false},"author":1,"featured_media":0,"parent":0,"menu_order":0,"comment_status":"closed","ping_status":"closed","template":"","meta":{"om_disable_all_campaigns":false,"_monsterinsights_skip_tracking":false,"_monsterinsights_sitenote_active":false,"_monsterinsights_sitenote_note":"","_monsterinsights_sitenote_category":0},"aioseo_notices":[],"_links":{"self":[{"href":"https:\/\/riwacon.de\/en\/wp-json\/wp\/v2\/pages\/594"}],"collection":[{"href":"https:\/\/riwacon.de\/en\/wp-json\/wp\/v2\/pages"}],"about":[{"href":"https:\/\/riwacon.de\/en\/wp-json\/wp\/v2\/types\/page"}],"author":[{"embeddable":true,"href":"https:\/\/riwacon.de\/en\/wp-json\/wp\/v2\/users\/1"}],"replies":[{"embeddable":true,"href":"https:\/\/riwacon.de\/en\/wp-json\/wp\/v2\/comments?post=594"}],"version-history":[{"count":95,"href":"https:\/\/riwacon.de\/en\/wp-json\/wp\/v2\/pages\/594\/revisions"}],"predecessor-version":[{"id":3788,"href":"https:\/\/riwacon.de\/en\/wp-json\/wp\/v2\/pages\/594\/revisions\/3788"}],"wp:attachment":[{"href":"https:\/\/riwacon.de\/en\/wp-json\/wp\/v2\/media?parent=594"}],"curies":[{"name":"wp","href":"https:\/\/api.w.org\/{rel}","templated":true}]}}